{"id":6,"date":"2019-06-27T13:34:28","date_gmt":"2019-06-27T13:34:28","guid":{"rendered":"https:\/\/codeless.co\/specular\/defaultv3\/?page_id=6"},"modified":"2023-09-05T14:28:16","modified_gmt":"2023-09-05T12:28:16","slug":"home","status":"publish","type":"page","link":"https:\/\/turbogreenelectric.info\/","title":{"rendered":"Strona g\u0142\u00f3wna"},"content":{"rendered":"<section class=\"wpb-content-wrapper\"><p>[vc_row type=&#8221;full_width_background&#8221; top_padding=&#8221;0&#8243; bottom_padding=&#8221;0&#8243; disable_element=&#8221;yes&#8221;][vc_column width=&#8221;3\/4&#8243;][media animation=&#8221;none&#8221; image=&#8221;585&#8243;][\/vc_column][vc_column width=&#8221;1\/4&#8243; shadow=&#8221;1&#8243; rounded_border=&#8221;1&#8243; el_class=&#8221;column_video_lightbox&#8221; css=&#8221;.vc_custom_1561805263865{margin-top: -120px !important;padding-top: 32px !important;padding-right: 28px !important;padding-bottom: 32px !important;padding-left: 28px !important;background-color: #ffffff !important;}&#8221;][video_lightbox_button link=&#8221;https:\/\/www.youtube.com\/watch?v=O0Gl9RR49qM&#8221;][vc_column_text css=&#8221;.vc_custom_1693226456133{margin-top: -10px !important;}&#8221;]Obejrzyj film i dowiedz si\u0119 wi\u0119cej o reaktorach wodorowych.[\/vc_column_text][\/vc_column][\/vc_row][vc_section][vc_row][vc_column][vc_custom_heading text=&#8221;Rozwi\u0105\u017cmy wsp\u00f3lnie Twoje problemy<br \/>\nenergetyczne i ekologiczne<br \/>\nna miar\u0119 Twych ambicji i wyzwa\u0144.&#8221; font_container=&#8221;tag:h2|font_size:34px|text_align:center|color:%23030b4c|line_height:52px&#8221; css=&#8221;.vc_custom_1693839491449{padding-right: 70px !important;padding-left: 70px !important;}&#8221; el_class=&#8221;centered_title&#8221;][\/vc_column][\/vc_row][vc_row][vc_column width=&#8221;1\/4&#8243;][services_medium title=&#8221;Biogazownie dla zr\u00f3wnowa\u017conej przysz\u0142o\u015bci&#8221; style=&#8221;style_4&#8243; icon=&#8221;moon-home-2&#8243; icon_color=&#8221;#2b48da&#8221; circle_color=&#8221;#ffffff&#8221; border_color=&#8221;#2b48da&#8221;]Specjalizujemy si\u0119 w projektowaniu, przebudowie i realizacji nowoczesnych biogazowni.[\/services_medium][\/vc_column][vc_column width=&#8221;1\/4&#8243;][services_medium title=&#8221;Efektywne rozwi\u0105zania ekologiczne&#8221; style=&#8221;style_4&#8243; icon=&#8221;moon-leaf&#8221; icon_color=&#8221;#2b48da&#8221; circle_color=&#8221;#ffffff&#8221; border_color=&#8221;#2b48da&#8221;]Dzi\u0119ki najnowszym osi\u0105gni\u0119ciom technicznym proponujemy bardziej efektywne technologie przetwarzania Twoich \u015bciek\u00f3w, by zamieni\u0107 je w \u017ar\u00f3d\u0142o energii odnawialnej, zmniejszaj\u0105c przy okazji uci\u0105\u017cliwo\u015b\u0107 oczyszczalni.[\/services_medium][\/vc_column][vc_column width=&#8221;1\/4&#8243;][services_medium title=&#8221;Eksperci z pasj\u0105&#8221; style=&#8221;style_4&#8243; icon=&#8221;moon-book-2&#8243; icon_color=&#8221;#2b48da&#8221; circle_color=&#8221;#ffffff&#8221; border_color=&#8221;#2b48da&#8221;]Nasz zesp\u00f3\u0142 sk\u0142ada si\u0119 z ekspert\u00f3w z ponad 40 letnim mi\u0119dzynarodowym do\u015bwiadczeniem w bran\u017cy ochrony \u015brodowiska i energetyki odnawialnej.[\/services_medium][\/vc_column][vc_column width=&#8221;1\/4&#8243;][services_medium title=&#8221;Partnerstwo dla wsp\u00f3lnego sukcesu&#8221; style=&#8221;style_4&#8243; icon=&#8221;steadysets-icon-users2&#8243; icon_color=&#8221;#2b48da&#8221; circle_color=&#8221;#ffffff&#8221; border_color=&#8221;#2b48da&#8221;]Wspieramy naszych Klient\u00f3w na ka\u017cdym etapie inwestycji tworz\u0105c trwa\u0142e partnerstwa oparte na wzajemnym zaufaniu.[\/services_medium][\/vc_column][\/vc_row][\/vc_section][vc_section full_width=&#8221;stretch_row_content&#8221; css=&#8221;.vc_custom_1562251516621{padding-top: 50px !important;padding-bottom: 30px !important;background-image: url(http:\/\/kiszkar.cluster028.hosting.ovh.net\/pGzEi6DXkPQyewNP\/wp-content\/uploads\/2019\/06\/geometry-1.png?id=41) !important;}&#8221;][vc_row type=&#8221;full_width_content&#8221; top_padding=&#8221;80&#8243; bottom_padding=&#8221;80&#8243;][vc_column width=&#8221;1\/2&#8243; css=&#8221;.vc_custom_1561976090161{padding-right: 85px !important;}&#8221;][media animation=&#8221;none&#8221; shadow=&#8221;1&#8243; rounded_right=&#8221;1&#8243;][\/vc_column][vc_column width=&#8221;1\/2&#8243; centered_cont_vertical=&#8221;true&#8221; css=&#8221;.vc_custom_1561985554565{padding-left: 5% !important;}&#8221;][vc_custom_heading text=&#8221;NOWOCZESNO\u015a\u0106&#8221; font_container=&#8221;tag:h5|text_align:left|color:%239493a8&#8243; letter_space=&#8221;1px&#8221; css=&#8221;.vc_custom_1693232249521{margin-bottom: 5px !important;}&#8221; el_class=&#8221;custom_top_title&#8221;][vc_custom_heading text=&#8221;Kszta\u0142tuj\u0105c Przysz\u0142o\u015b\u0107<br \/>\nDzi\u0119ki Innowacjom&#8221; font_container=&#8221;tag:h2|font_size:36px|text_align:left|line_height:48px&#8221; css=&#8221;.vc_custom_1693232908794{margin-bottom: 10px !important;}&#8221;][vc_column_text]Dzi\u0119ki wsp\u00f3\u0142pracy z TurboGE przeniesiemy si\u0119 w \u015bwiat,<br \/>\nw kt\u00f3rym innowacje staj\u0105 si\u0119 si\u0142\u0105 nap\u0119dow\u0105 przysz\u0142o\u015bci.<br \/>\nTo tutaj technologia i kreatywno\u015b\u0107 splataj\u0105 si\u0119 wzajemnie,<br \/>\nprowadz\u0105c do rewolucyjnych zmian na wielu p\u0142aszczyznach.<br \/>\nOdkryj, jak nowe idee w ochronie \u015brodowiska mog\u0105 przekszta\u0142ci\u0107 Tw\u00f3j spos\u00f3b pracy<br \/>\nprzy okazji osi\u0105gaj\u0105c efekty finansowe. Poznaj historie ludzi,<br \/>\nkt\u00f3rzy stawiaj\u0105 czo\u0142a wyzwaniom wsp\u00f3\u0142czesnego \u015bwiata,<br \/>\nkreuj\u0105c prze\u0142omowe rozwi\u0105zania dla samorz\u0105d\u00f3w i przemys\u0142u.<br \/>\nNaszym celem jest by to, co dzi\u015b traktowane jest jako problem ekologiczny,<br \/>\nsta\u0142o si\u0119 \u017ar\u00f3d\u0142em dochodu chroni\u0105c przy okazji Ziemi\u0119 przed zmianami klimatu.[\/vc_column_text][button title=&#8221;Porozmawiajmy&#8221; link=&#8221;\/?page_id=614&#8243; with_icon_bool=&#8221;no&#8221;][\/vc_column][\/vc_row][\/vc_section][vc_section css=&#8221;.vc_custom_1562595759677{margin-top: 0px !important;margin-bottom: 40px !important;padding-top: 80px !important;padding-bottom: 0px !important;background-image: url(http:\/\/kiszkar.cluster028.hosting.ovh.net\/pGzEi6DXkPQyewNP\/wp-content\/uploads\/2019\/07\/geometry-12.jpg?id=145) !important;}&#8221;][vc_row type=&#8221;full_width_background&#8221;][vc_column][vc_custom_heading text=&#8221;DZIA\u0141ALNO\u015a\u0106&#8221; font_container=&#8221;tag:h5|text_align:center|color:%239493a8&#8243; letter_space=&#8221;1px&#8221; css=&#8221;.vc_custom_1693233338157{margin-bottom: 5px !important;}&#8221; el_class=&#8221;custom_top_title&#8221;][vc_custom_heading text=&#8221;Nasze us\u0142ugi&#8221; font_container=&#8221;tag:h2|font_size:36px|text_align:center|line_height:48px&#8221; css=&#8221;.vc_custom_1693233346560{margin-bottom: 10px !important;}&#8221;][vc_column_text custom_text_color=&#8221;#9ea7b3&#8243; css=&#8221;.vc_custom_1693839884594{margin-bottom: 50px !important;}&#8221;]<\/p>\n<p style=\"text-align: center;\">Kompleksowe oferta us\u0142ug, kt\u00f3re \u015bwiadczymy dla naszych Klient\u00f3w.<\/p>\n<p>[\/vc_column_text][vc_row_inner css=&#8221;.vc_custom_1562260222504{margin-top: 50px !important;}&#8221;][vc_column_inner width=&#8221;1\/3&#8243;][services_small title=&#8221;Bioenergia dla Samorz\u0105d\u00f3w i Przemys\u0142u&#8221; icon=&#8221;moon-gas-pump&#8221; icon_color=&#8221;#2b48da&#8221; dynamic_content_type=&#8221;content&#8221;]<\/p>\n<div>\n<div>\n<p>Pomagamy samorz\u0105dom i przedsi\u0119biorstwom wykorzysta\u0107 potencja\u0142 biogazu jako zr\u00f3wnowa\u017conego \u017ar\u00f3d\u0142a energii w ich dzia\u0142alno\u015bci.<\/p>\n<\/div>\n<\/div>\n<p>[\/services_small][services_small title=&#8221;Modernizacja Oczyszczalni \u015aciek\u00f3w&#8221; icon=&#8221;steadysets-icon-atom&#8221; icon_color=&#8221;#2b48da&#8221; dynamic_content_type=&#8221;content&#8221;]<\/p>\n<div>\n<div>Podnosimy wydajno\u015b\u0107 i jako\u015b\u0107 oczyszczania \u015bciek\u00f3w, dbaj\u0105c o czysto\u015b\u0107 w\u00f3d i ochron\u0119 \u015brodowiska przy okazji zmniejszaj\u0105c uci\u0105\u017cliwo\u015b\u0107 instalacji.<\/div>\n<\/div>\n<p>[\/services_small][services_small title=&#8221;Odnawialne \u0179r\u00f3d\u0142a Energii dla Miast&#8221; icon=&#8221;moon-droplet-3&#8243; icon_color=&#8221;#2b48da&#8221; dynamic_content_type=&#8221;content&#8221;]<\/p>\n<div>\n<div>Wspieramy rozw\u00f3j inteligentnych miast poprzez dostarczanie rozwi\u0105za\u0144 w energi\u0119 odnawialn\u0105 i nowoczesnych system\u00f3w oczyszczania.<\/div>\n<\/div>\n<p>[\/services_small][\/vc_column_inner][vc_column_inner width=&#8221;1\/3&#8243;][services_small title=&#8221;Projektowanie Przysz\u0142o\u015bci&#8221; icon=&#8221;moon-profile&#8221; icon_color=&#8221;#2b48da&#8221; dynamic_content_type=&#8221;content&#8221;]<\/p>\n<div>\n<div>Tworzymy innowacyjne koncepcje i strategie, kt\u00f3re przekszta\u0142caj\u0105 wyzwania \u015brodowiskowe w mo\u017cliwo\u015bci rozwoju.<\/div>\n<\/div>\n<p>[\/services_small][services_small title=&#8221;Transformacja Odpad\u00f3w&#8221; icon=&#8221;steadysets-icon-trashcan&#8221; icon_color=&#8221;#2b48da&#8221; dynamic_content_type=&#8221;content&#8221;]<\/p>\n<div>\n<div>\n<p>Przekszta\u0142camy biodegradowalne odpady bytowe i przemys\u0142owe w zasoby dzi\u0119ki zastosowaniu najnowszych zaawansowanych technologii i proces\u00f3w, w celu osi\u0105gni\u0119cia \u00a0zr\u00f3wnowa\u017conej gospodarki nimi.<\/p>\n<\/div>\n<\/div>\n<p>[\/services_small][services_small title=&#8221;Ekologiczne Koncepcje&#8221; icon=&#8221;steadysets-icon-crop&#8221; icon_color=&#8221;#2b48da&#8221; dynamic_content_type=&#8221;content&#8221;]<\/p>\n<div>\n<div>\n<p>Pomagamy w kszta\u0142towaniu przestrzeni miejskiej w zgodzie z\u00a0natur\u0105, projektuj\u0105c rozwi\u0105zania i\u00a0infrastruktur\u0119, kt\u00f3re podnosz\u0105 jako\u015b\u0107 \u017cycia.<\/p>\n<\/div>\n<\/div>\n<p>[\/services_small][\/vc_column_inner][vc_column_inner width=&#8221;1\/3&#8243;][services_small title=&#8221;Zielone \u0179r\u00f3d\u0142a Energii&#8221; icon=&#8221;moon-leaf-2&#8243; icon_color=&#8221;#2b48da&#8221; dynamic_content_type=&#8221;content&#8221;]<\/p>\n<div>\n<div>Specjalizujemy si\u0119 w budowie efektywnych biogazowni, przyczyniaj\u0105c si\u0119 do produkcji energii ze \u017ar\u00f3de\u0142 odnawialnych.<\/div>\n<\/div>\n<p>[\/services_small][services_small title=&#8221;Energoefektywne Rozwi\u0105zania&#8221; icon=&#8221;steadysets-icon-bars&#8221; icon_color=&#8221;#2b48da&#8221; dynamic_content_type=&#8221;content&#8221;]<\/p>\n<div>\n<div>Wdra\u017camy rozwi\u0105zania zwi\u0119kszaj\u0105ce efektywno\u015b\u0107 energetyczn\u0105, osi\u0105gaj\u0105c oszcz\u0119dno\u015bci przy jednoczesnej redukcji emisji.<\/div>\n<\/div>\n<p>[\/services_small][services_small title=&#8221;Innowacje w Zarz\u0105dzaniu Wod\u0105&#8221; icon=&#8221;steadysets-icon-bucket&#8221; icon_color=&#8221;#2b48da&#8221; dynamic_content_type=&#8221;content&#8221;]<\/p>\n<div>\n<div>Wprowadzamy nowatorskie podej\u015bcia do zarz\u0105dzania zasobami wodnymi, minimalizuj\u0105c wp\u0142yw na ekosystemy.<\/div>\n<\/div>\n<p>[\/services_small][\/vc_column_inner][\/vc_row_inner][\/vc_column][\/vc_row][vc_row][vc_column][vc_custom_heading text=&#8221;Jeste\u015bmy w stanie zoptymalizowa\u0107 prac\u0119 ka\u017cdej oczyszczalni \u015bciek\u00f3w zwi\u0119kszaj\u0105c jej wydajno\u015b\u0107 co najmniej od 30%-50%, likwiduj\u0105c przy tym uci\u0105\u017cliwy zapach.&#8221; font_container=&#8221;tag:h2|font_size:34px|text_align:center|color:%23030b4c|line_height:52px&#8221; css=&#8221;.vc_custom_1693840447083{padding-right: 70px !important;padding-left: 70px !important;}&#8221; el_class=&#8221;centered_title&#8221;][\/vc_column][\/vc_row][vc_row type=&#8221;full_width_background&#8221; top_padding=&#8221;110&#8243; disable_element=&#8221;yes&#8221;][vc_column width=&#8221;1\/3&#8243;][vc_custom_heading text=&#8221;G\u0141OS NASZYCH KLIENT\u00d3W&#8221; font_container=&#8221;tag:h5|text_align:left|color:%239493a8&#8243; letter_space=&#8221;1px&#8221; css=&#8221;.vc_custom_1693232823326{margin-bottom: 5px !important;}&#8221; el_class=&#8221;custom_top_title&#8221;][vc_custom_heading text=&#8221;Opinie&#8221; font_container=&#8221;tag:h2|font_size:36px|text_align:left|line_height:48px&#8221; css=&#8221;.vc_custom_1693232811523{margin-bottom: 10px !important;}&#8221;][left_testimonial_carousel test_cat=&#8221;0&#8243; duration=&#8221;500&#8243;][\/vc_column][vc_column width=&#8221;2\/3&#8243;][media alignment=&#8221;center&#8221; shadow=&#8221;1&#8243; rounded_left=&#8221;1&#8243; rounded_right=&#8221;1&#8243; image=&#8221;683&#8243; width=&#8221;360&#8243;][\/vc_column][\/vc_row][\/vc_section][vc_row type=&#8221;full_width_background&#8221; top_padding=&#8221;0&#8243; bottom_padding=&#8221;10&#8243; class=&#8221;box_shadow_hover&#8221; disable_element=&#8221;yes&#8221;][vc_column width=&#8221;1\/4&#8243; css=&#8221;.vc_custom_1562246870114{padding-top: 30px !important;padding-bottom: 30px !important;}&#8221;][counter text=&#8221;Godzin pracy&#8221; icon=&#8221;steadysets-icon-clock&#8221; number=&#8221;128000&#8243;][\/vc_column][vc_column width=&#8221;1\/4&#8243; css=&#8221;.vc_custom_1562246884864{padding-top: 30px !important;padding-bottom: 30px !important;}&#8221;][counter text=&#8221;Uko\u0144czone projekty&#8221; icon=&#8221;steadysets-icon-star&#8221; number=&#8221;244&#8243;][\/vc_column][vc_column width=&#8221;1\/4&#8243; css=&#8221;.vc_custom_1562246891783{padding-top: 30px !important;padding-bottom: 30px !important;}&#8221;][counter text=&#8221;Biur na ca\u0142ym \u015bwiecie&#8221; icon=&#8221;linecon-icon-location&#8221; number=&#8221;18&#8243;][\/vc_column][vc_column width=&#8221;1\/4&#8243; css=&#8221;.vc_custom_1562246900863{padding-top: 30px !important;padding-bottom: 30px !important;}&#8221;][counter text=&#8221;Klient\u00f3w&#8221; icon=&#8221;steadysets-icon-user&#8221; number=&#8221;1301&#8243;][\/vc_column][\/vc_row]<\/p>\n<\/section>","protected":false},"excerpt":{"rendered":"<p>[vc_row type=&#8221;full_width_background&#8221; top_padding=&#8221;0&#8243; bottom_padding=&#8221;0&#8243; disable_element=&#8221;yes&#8221;][vc_column width=&#8221;3\/4&#8243;][media animation=&#8221;none&#8221; image=&#8221;585&#8243;][\/vc_column][vc_column width=&#8221;1\/4&#8243; shadow=&#8221;1&#8243; rounded_border=&#8221;1&#8243; el_class=&#8221;column_video_lightbox&#8221; css=&#8221;.vc_custom_1561805263865{margin-top: -120px !important;padding-top: 32px !important;padding-right: 28px !important;padding-bottom: 32px !important;padding-left: 28px !important;background-color: #ffffff !important;}&#8221;][video_lightbox_button link=&#8221;https:\/\/www.youtube.com\/watch?v=O0Gl9RR49qM&#8221;][vc_column_text css=&#8221;.vc_custom_1693226456133{margin-top: -10px !important;}&#8221;]Obejrzyj film i dowiedz si\u0119 wi\u0119cej o reaktorach wodorowych.[\/vc_column_text][\/vc_column][\/vc_row][vc_section][vc_row][vc_column][vc_custom_heading text=&#8221;Rozwi\u0105\u017cmy wsp\u00f3lnie Twoje problemy energetyczne i ekologiczne na miar\u0119 Twych ambicji i wyzwa\u0144.&#8221; font_container=&#8221;tag:h2|font_size:34px|text_align:center|color:%23030b4c|line_height:52px&#8221; css=&#8221;.vc_custom_1693839491449{padding-right: 70px !important;padding-left: 70px [&hellip;]<\/p>\n","protected":false},"author":1,"featured_media":0,"parent":0,"menu_order":0,"comment_status":"closed","ping_status":"closed","template":"","meta":{"footnotes":""},"class_list":["post-6","page","type-page","status-publish","hentry"],"_links":{"self":[{"href":"https:\/\/turbogreenelectric.info\/index.php?rest_route=\/wp\/v2\/pages\/6","targetHints":{"allow":["GET"]}}],"collection":[{"href":"https:\/\/turbogreenelectric.info\/index.php?rest_route=\/wp\/v2\/pages"}],"about":[{"href":"https:\/\/turbogreenelectric.info\/index.php?rest_route=\/wp\/v2\/types\/page"}],"author":[{"embeddable":true,"href":"https:\/\/turbogreenelectric.info\/index.php?rest_route=\/wp\/v2\/users\/1"}],"replies":[{"embeddable":true,"href":"https:\/\/turbogreenelectric.info\/index.php?rest_route=%2Fwp%2Fv2%2Fcomments&post=6"}],"version-history":[{"count":34,"href":"https:\/\/turbogreenelectric.info\/index.php?rest_route=\/wp\/v2\/pages\/6\/revisions"}],"predecessor-version":[{"id":714,"href":"https:\/\/turbogreenelectric.info\/index.php?rest_route=\/wp\/v2\/pages\/6\/revisions\/714"}],"wp:attachment":[{"href":"https:\/\/turbogreenelectric.info\/index.php?rest_route=%2Fwp%2Fv2%2Fmedia&parent=6"}],"curies":[{"name":"wp","href":"https:\/\/api.w.org\/{rel}","templated":true}]}}